{"id":249,"date":"2019-01-16T11:27:36","date_gmt":"2019-01-16T11:27:36","guid":{"rendered":"https:\/\/soleluna.al\/index.php\/our-rooms\/"},"modified":"2019-01-18T11:53:08","modified_gmt":"2019-01-18T11:53:08","slug":"our-rooms","status":"publish","type":"page","link":"https:\/\/soleluna.al\/index.php\/our-rooms\/?lang=sq","title":{"rendered":"Dhomat Tona"},"content":{"rendered":"<div class=\"wpb-content-wrapper\"><p>[vc_row bg_type=&#8221;bg_color&#8221; bg_override=&#8221;ex-full&#8221; bg_color_value=&#8221;#eaeceb&#8221; css=&#8221;.vc_custom_1547652745363{margin-top: -70px !important;}&#8221;][vc_column width=&#8221;1\/2&#8243;][vc_empty_space][vc_row_inner][vc_column_inner width=&#8221;1\/2&#8243;][vc_column_text el_class=&#8221;vije&#8221;][\/vc_column_text][\/vc_column_inner][vc_column_inner width=&#8221;1\/2&#8243;][vc_custom_heading text=&#8221;DHOMAT SOLE LUNA&#8221; font_container=&#8221;tag:h2|font_size:14|text_align:left|color:%23999999&#8243; google_fonts=&#8221;font_family:Fjalla%20One%3Aregular|font_style:400%20regular%3A400%3Anormal&#8221; css=&#8221;.vc_custom_1547803587921{margin-top: -15px !important;margin-left: -200px !important;}&#8221;][\/vc_column_inner][\/vc_row_inner][vc_custom_heading text=&#8221;Dhome Treshe Deluxe&#8221; font_container=&#8221;tag:h2|font_size:35|text_align:left|color:%23b19f6a&#8221; google_fonts=&#8221;font_family:Playfair%20Display%3Aregular%2Citalic%2C700%2C700italic%2C900%2C900italic|font_style:400%20regular%3A400%3Anormal&#8221;][vc_custom_heading text=&#8221;Me Ballkon &amp; Pamje Anesore nga Deti&#8221; font_container=&#8221;tag:h2|font_size:20|text_align:left&#8221; google_fonts=&#8221;font_family:Playfair%20Display%3Aregular%2Citalic%2C700%2C700italic%2C900%2C900italic|font_style:400%20regular%3A400%3Anormal&#8221; css=&#8221;.vc_custom_1547803613195{margin-top: -10px !important;}&#8221;][vc_column_text css=&#8221;.vc_custom_1547803697179{padding-right: 40px !important;}&#8221;]<\/p>\n<p style=\"font-family: 'Playfair Display', serif; font-size: 15px; color: #000000; text-align: left;\">Kjo dhom\u00eb treshe permban nje ballkon, ajer te kondicionuar dhe TV te sheshte. Kjo dhom\u00eb eshte e perkryer per nje familje ose miq. Hotel Sole Luna n\u00eb Borsh, i ofron turisteve dhoma te mobiluara me kujdes, hapesire \u200b\u200bdhe pamje te kendshme.<\/p>\n<p>[\/vc_column_text][vc_btn title=&#8221;DETAJE&#8221; style=&#8221;outline-custom&#8221; outline_custom_color=&#8221;#666666&#8243; outline_custom_hover_background=&#8221;&#8221; outline_custom_hover_text=&#8221;#ffffff&#8221; shape=&#8221;square&#8221; align=&#8221;left&#8221; link=&#8221;url:%2Findex.php%2Fdeluxe-triple-room-with-balcony-and-side-sea-view%2F%3Flang%3Dsq|||&#8221;][\/vc_column][vc_column width=&#8221;1\/2&#8243; css=&#8221;.vc_custom_1547713305724{background-position: 0 0 !important;background-repeat: no-repeat !important;}&#8221;][vc_single_image image=&#8221;71&#8243; img_size=&#8221;full&#8221; alignment=&#8221;center&#8221; style=&#8221;vc_box_shadow&#8221; onclick=&#8221;link_image&#8221; image_hovers=&#8221;false&#8221;][\/vc_column][\/vc_row][vc_row css=&#8221;.vc_custom_1547653188630{margin-top: -70px !important;}&#8221;][vc_column width=&#8221;1\/2&#8243;][vc_empty_space][vc_row_inner][vc_column_inner width=&#8221;1\/2&#8243;][vc_column_text el_class=&#8221;vije&#8221;][\/vc_column_text][\/vc_column_inner][vc_column_inner width=&#8221;1\/2&#8243;][vc_custom_heading text=&#8221;DHOMAT SOLE LUNA&#8221; font_container=&#8221;tag:h2|font_size:14|text_align:left|color:%23999999&#8243; google_fonts=&#8221;font_family:Fjalla%20One%3Aregular|font_style:400%20regular%3A400%3Anormal&#8221; css=&#8221;.vc_custom_1547803711142{margin-top: -15px !important;margin-left: -200px !important;}&#8221;][\/vc_column_inner][\/vc_row_inner][vc_custom_heading text=&#8221;Dhome Dopio Deluxe&#8221; font_container=&#8221;tag:h2|font_size:35|text_align:left|color:%23b19f6a&#8221; google_fonts=&#8221;font_family:Playfair%20Display%3Aregular%2Citalic%2C700%2C700italic%2C900%2C900italic|font_style:400%20regular%3A400%3Anormal&#8221;][vc_custom_heading text=&#8221;Me Ballkon &amp; Pamje Anesore nga Deti&#8221; font_container=&#8221;tag:h2|font_size:20|text_align:left&#8221; google_fonts=&#8221;font_family:Playfair%20Display%3Aregular%2Citalic%2C700%2C700italic%2C900%2C900italic|font_style:400%20regular%3A400%3Anormal&#8221; css=&#8221;.vc_custom_1547803729430{margin-top: -10px !important;}&#8221;][vc_column_text css=&#8221;.vc_custom_1547804271722{padding-right: 40px !important;}&#8221;]<\/p>\n<p style=\"font-family: 'Playfair Display', serif; font-size: 15px; color: #000000; text-align: left;\">Kjo dhome dopio ka nje ballkon, mini-bar dhe sistem izolimi. Kjo dhome eshte e perkryer per nje cift. Hotel Sole Luna ne Borsh, i ofron turisteve dhoma t\u00eb mobiluara me kujdes, hapesire \u200b\u200bdhe pamje te kendshme.<\/p>\n<p>[\/vc_column_text][vc_btn title=&#8221;DETAJE&#8221; style=&#8221;outline-custom&#8221; outline_custom_color=&#8221;#666666&#8243; outline_custom_hover_background=&#8221;&#8221; outline_custom_hover_text=&#8221;#ffffff&#8221; shape=&#8221;square&#8221; align=&#8221;left&#8221; link=&#8221;url:%2Findex.php%2Fdeluxe-double-room-with-balcony-and-side-sea-view%2F%3Flang%3Dsq|||&#8221;][\/vc_column][vc_column width=&#8221;1\/2&#8243; css=&#8221;.vc_custom_1547713315055{background-position: 0 0 !important;background-repeat: no-repeat !important;}&#8221;][vc_single_image image=&#8221;72&#8243; img_size=&#8221;full&#8221; alignment=&#8221;center&#8221; style=&#8221;vc_box_shadow&#8221; onclick=&#8221;link_image&#8221; image_hovers=&#8221;false&#8221;][\/vc_column][\/vc_row][vc_row bg_type=&#8221;bg_color&#8221; bg_override=&#8221;ex-full&#8221; bg_color_value=&#8221;#eaeceb&#8221;][vc_column width=&#8221;1\/2&#8243;][vc_empty_space][vc_row_inner][vc_column_inner width=&#8221;1\/2&#8243;][vc_column_text el_class=&#8221;vije&#8221;][\/vc_column_text][\/vc_column_inner][vc_column_inner width=&#8221;1\/2&#8243;][vc_custom_heading text=&#8221;DHOMAT SOLE LUNA&#8221; font_container=&#8221;tag:h2|font_size:14|text_align:left|color:%23999999&#8243; google_fonts=&#8221;font_family:Fjalla%20One%3Aregular|font_style:400%20regular%3A400%3Anormal&#8221; css=&#8221;.vc_custom_1547806242770{margin-top: -15px !important;margin-left: -200px !important;}&#8221;][\/vc_column_inner][\/vc_row_inner][vc_custom_heading text=&#8221;Suite Familjare Deluxe&#8221; font_container=&#8221;tag:h2|font_size:35|text_align:left|color:%23b19f6a&#8221; google_fonts=&#8221;font_family:Playfair%20Display%3Aregular%2Citalic%2C700%2C700italic%2C900%2C900italic|font_style:400%20regular%3A400%3Anormal&#8221;][vc_custom_heading text=&#8221;Me Ballkon &amp; Pamje Anesore nga Deti&#8221; font_container=&#8221;tag:h2|font_size:20|text_align:left&#8221; google_fonts=&#8221;font_family:Playfair%20Display%3Aregular%2Citalic%2C700%2C700italic%2C900%2C900italic|font_style:400%20regular%3A400%3Anormal&#8221; css=&#8221;.vc_custom_1547806264191{margin-top: -10px !important;}&#8221;][vc_column_text css=&#8221;.vc_custom_1547806305833{padding-right: 40px !important;}&#8221;]<\/p>\n<p style=\"font-family: 'Playfair Display', serif; font-size: 15px; color: #000000; text-align: left;\">Kjo suite permban nje ballkon, ajer te kondicionuar dhe mini-bar. Kjo dhome eshte e perkryer per nje familje. Hotel Sole Luna ne Borsh, i ofron turisteve dhoma te mobiluara me kujdes, hapesire \u200b\u200bdhe pamje te kendshme.<\/p>\n<p>[\/vc_column_text][vc_btn title=&#8221;DETAJE&#8221; style=&#8221;outline-custom&#8221; outline_custom_color=&#8221;#666666&#8243; outline_custom_hover_background=&#8221;&#8221; outline_custom_hover_text=&#8221;#ffffff&#8221; shape=&#8221;square&#8221; align=&#8221;left&#8221; link=&#8221;url:%2Findex.php%2Fdeluxe-family-suite-with-balcony-and-side-sea-view%2F%3Flang%3Dsq|||&#8221;][\/vc_column][vc_column width=&#8221;1\/2&#8243; css=&#8221;.vc_custom_1547713324591{background-position: 0 0 !important;background-repeat: no-repeat !important;}&#8221;][vc_single_image image=&#8221;73&#8243; img_size=&#8221;full&#8221; alignment=&#8221;center&#8221; style=&#8221;vc_box_shadow&#8221; onclick=&#8221;link_image&#8221; image_hovers=&#8221;false&#8221;][\/vc_column][\/vc_row][vc_row css=&#8221;.vc_custom_1547653188630{margin-top: -70px !important;}&#8221;][vc_column width=&#8221;1\/2&#8243;][vc_empty_space][vc_row_inner][vc_column_inner width=&#8221;1\/2&#8243;][vc_column_text el_class=&#8221;vije&#8221;][\/vc_column_text][\/vc_column_inner][vc_column_inner width=&#8221;1\/2&#8243;][vc_custom_heading text=&#8221;DHOMAT SOLE LUNA&#8221; font_container=&#8221;tag:h2|font_size:14|text_align:left|color:%23999999&#8243; google_fonts=&#8221;font_family:Fjalla%20One%3Aregular|font_style:400%20regular%3A400%3Anormal&#8221; css=&#8221;.vc_custom_1547806320512{margin-top: -15px !important;margin-left: -200px !important;}&#8221;][\/vc_column_inner][\/vc_row_inner][vc_custom_heading text=&#8221;Suite Deluxe&#8221; font_container=&#8221;tag:h2|font_size:35|text_align:left|color:%23b19f6a&#8221; google_fonts=&#8221;font_family:Playfair%20Display%3Aregular%2Citalic%2C700%2C700italic%2C900%2C900italic|font_style:400%20regular%3A400%3Anormal&#8221;][vc_custom_heading text=&#8221;Me Ballkon &amp; Pamje Anesore nga Deti&#8221; font_container=&#8221;tag:h2|font_size:20|text_align:left&#8221; google_fonts=&#8221;font_family:Playfair%20Display%3Aregular%2Citalic%2C700%2C700italic%2C900%2C900italic|font_style:400%20regular%3A400%3Anormal&#8221; css=&#8221;.vc_custom_1547806331358{margin-top: -10px !important;}&#8221;][vc_column_text css=&#8221;.vc_custom_1547806382361{padding-right: 40px !important;}&#8221;]<\/p>\n<p style=\"font-family: 'Playfair Display', serif; font-size: 15px; color: #000000; text-align: left;\">Kjo suite permban nje ballkon, zone qendrimi dhe mini-bar. Kjo suite eshte e perkryer per nje familje. Hotel Sole Luna ne Borsh, i ofron turisteve dhoma te mobiluara me kujdes, hapesire \u200b\u200bdhe pamje te kendshme.<\/p>\n<p>[\/vc_column_text][vc_btn title=&#8221;DETAJE&#8221; style=&#8221;outline-custom&#8221; outline_custom_color=&#8221;#666666&#8243; outline_custom_hover_background=&#8221;&#8221; outline_custom_hover_text=&#8221;#ffffff&#8221; shape=&#8221;square&#8221; align=&#8221;left&#8221; link=&#8221;url:%2Findex.php%2Fdeluxe-suite-with-balcony-and-side-sea-view%2F%3Flang%3Dsq|||&#8221;][\/vc_column][vc_column width=&#8221;1\/2&#8243; css=&#8221;.vc_custom_1547713334103{background-position: 0 0 !important;background-repeat: no-repeat !important;}&#8221;][vc_single_image image=&#8221;74&#8243; img_size=&#8221;full&#8221; alignment=&#8221;center&#8221; style=&#8221;vc_box_shadow&#8221; onclick=&#8221;link_image&#8221; image_hovers=&#8221;false&#8221;][\/vc_column][\/vc_row][vc_row bg_type=&#8221;bg_color&#8221; bg_override=&#8221;ex-full&#8221; bg_color_value=&#8221;#eaeceb&#8221; css=&#8221;.vc_custom_1547653984363{margin-bottom: -70px !important;}&#8221;][vc_column width=&#8221;1\/2&#8243;][vc_empty_space][vc_row_inner][vc_column_inner width=&#8221;1\/2&#8243;][vc_column_text el_class=&#8221;vije&#8221;][\/vc_column_text][\/vc_column_inner][vc_column_inner width=&#8221;1\/2&#8243;][vc_custom_heading text=&#8221;DHOMAT SOLE LUNA&#8221; font_container=&#8221;tag:h2|font_size:14|text_align:left|color:%23999999&#8243; google_fonts=&#8221;font_family:Fjalla%20One%3Aregular|font_style:400%20regular%3A400%3Anormal&#8221; css=&#8221;.vc_custom_1547806400288{margin-top: -15px !important;margin-left: -200px !important;}&#8221;][\/vc_column_inner][\/vc_row_inner][vc_custom_heading text=&#8221;Suite Deluxe&#8221; font_container=&#8221;tag:h2|font_size:35|text_align:left|color:%23b19f6a&#8221; google_fonts=&#8221;font_family:Playfair%20Display%3Aregular%2Citalic%2C700%2C700italic%2C900%2C900italic|font_style:400%20regular%3A400%3Anormal&#8221;][vc_custom_heading text=&#8221;Me Ballkon &amp; Pamje nga Deti&#8221; font_container=&#8221;tag:h2|font_size:20|text_align:left&#8221; google_fonts=&#8221;font_family:Playfair%20Display%3Aregular%2Citalic%2C700%2C700italic%2C900%2C900italic|font_style:400%20regular%3A400%3Anormal&#8221; css=&#8221;.vc_custom_1547806420886{margin-top: -10px !important;}&#8221;][vc_column_text css=&#8221;.vc_custom_1547806456436{padding-right: 40px !important;}&#8221;]<\/p>\n<p style=\"font-family: 'Playfair Display', serif; font-size: 15px; color: #000000; text-align: left;\">Kjo suite ka nje ballkon, mini-bar dhe ajer te kondicionuar. Kjo suite eshte e perkryer per nje familje. Hotel Sole Luna ne Borsh, i ofron turisteve dhoma te mobiluara me kujdes, hapesir\u00eb \u200b\u200bdhe pamje te kendshme.<\/p>\n<p>[\/vc_column_text][vc_btn title=&#8221;DETAJE&#8221; style=&#8221;outline-custom&#8221; outline_custom_color=&#8221;#666666&#8243; outline_custom_hover_background=&#8221;&#8221; outline_custom_hover_text=&#8221;#ffffff&#8221; shape=&#8221;square&#8221; align=&#8221;left&#8221; link=&#8221;url:%2Findex.php%2Fdeluxe-suite-with-balcony-and-sea-view%2F%3Flang%3Dsq|||&#8221;][\/vc_column][vc_column width=&#8221;1\/2&#8243; css=&#8221;.vc_custom_1547713343446{background-position: 0 0 !important;background-repeat: no-repeat !important;}&#8221;][vc_single_image image=&#8221;75&#8243; img_size=&#8221;full&#8221; alignment=&#8221;center&#8221; style=&#8221;vc_box_shadow&#8221; onclick=&#8221;link_image&#8221; image_hovers=&#8221;false&#8221;][\/vc_column][\/vc_row]<\/p>\n<\/div>","protected":false},"excerpt":{"rendered":"<p>[vc_row bg_type=&#8221;bg_color&#8221; bg_override=&#8221;ex-full&#8221; bg_color_value=&#8221;#eaeceb&#8221; css=&#8221;.vc_custom_1547652745363{margin-top: -70px !important;}&#8221;][vc_column width=&#8221;1\/2&#8243;][vc_empty_space][vc_row_inner][vc_column_inner width=&#8221;1\/2&#8243;][vc_column_text el_class=&#8221;vije&#8221;][\/vc_column_text][\/vc_column_inner][vc_column_inner width=&#8221;1\/2&#8243;][vc_custom_heading text=&#8221;DHOMAT SOLE LUNA&#8221; font_container=&#8221;tag:h2|font_size:14|text_align:left|color:%23999999&#8243; google_fonts=&#8221;font_family:Fjalla%20One%3Aregular|font_style:400%20regular%3A400%3Anormal&#8221; css=&#8221;.vc_custom_1547803587921{margin-top: -15px !important;margin-left: -200px !important;}&#8221;][\/vc_column_inner][\/vc_row_inner][vc_custom_heading text=&#8221;Dhome Treshe Deluxe&#8221; font_container=&#8221;tag:h2|font_size:35|text_align:left|color:%23b19f6a&#8221; google_fonts=&#8221;font_family:Playfair%20Display%3Aregular%2Citalic%2C700%2C700italic%2C900%2C900italic|font_style:400%20regular%3A400%3Anormal&#8221;][vc_custom_heading text=&#8221;Me Ballkon &amp; Pamje Anesore nga Deti&#8221; font_container=&#8221;tag:h2|font_size:20|text_align:left&#8221; google_fonts=&#8221;font_family:Playfair%20Display%3Aregular%2Citalic%2C700%2C700italic%2C900%2C900italic|font_style:400%20regular%3A400%3Anormal&#8221; css=&#8221;.vc_custom_1547803613195{margin-top: -10px !important;}&#8221;][vc_column_text css=&#8221;.vc_custom_1547803697179{padding-right: 40px !important;}&#8221;] Kjo dhom\u00eb treshe permban nje ballkon, ajer te kondicionuar dhe TV te sheshte. Kjo&hellip;<\/p>\n","protected":false},"author":3,"featured_media":0,"parent":0,"menu_order":0,"comment_status":"closed","ping_status":"closed","template":"","meta":{"footnotes":""},"class_list":["post-249","page","type-page","status-publish","hentry","description-off"],"_links":{"self":[{"href":"https:\/\/soleluna.al\/index.php\/wp-json\/wp\/v2\/pages\/249","targetHints":{"allow":["GET"]}}],"collection":[{"href":"https:\/\/soleluna.al\/index.php\/wp-json\/wp\/v2\/pages"}],"about":[{"href":"https:\/\/soleluna.al\/index.php\/wp-json\/wp\/v2\/types\/page"}],"author":[{"embeddable":true,"href":"https:\/\/soleluna.al\/index.php\/wp-json\/wp\/v2\/users\/3"}],"replies":[{"embeddable":true,"href":"https:\/\/soleluna.al\/index.php\/wp-json\/wp\/v2\/comments?post=249"}],"version-history":[{"count":3,"href":"https:\/\/soleluna.al\/index.php\/wp-json\/wp\/v2\/pages\/249\/revisions"}],"predecessor-version":[{"id":330,"href":"https:\/\/soleluna.al\/index.php\/wp-json\/wp\/v2\/pages\/249\/revisions\/330"}],"wp:attachment":[{"href":"https:\/\/soleluna.al\/index.php\/wp-json\/wp\/v2\/media?parent=249"}],"curies":[{"name":"wp","href":"https:\/\/api.w.org\/{rel}","templated":true}]}}